{"id":15,"date":"2023-07-26T12:42:50","date_gmt":"2023-07-26T15:42:50","guid":{"rendered":"https:\/\/bazardadebora.lmvirtua.com.br\/?post_type=product&#038;p=15"},"modified":"2023-11-21T11:09:36","modified_gmt":"2023-11-21T14:09:36","slug":"kit-cafe-pratico","status":"publish","type":"product","link":"https:\/\/bazardadebora.com.br\/index.php\/product\/kit-cafe-pratico\/","title":{"rendered":"Kit Caf\u00e9 Pr\u00e1tico"},"content":{"rendered":"<p>Desfrute o melhor do seu caf\u00e9 com o Kit Caf\u00e9 Pr\u00e1tico Unitermi! O nosso kit possui uma unidade de cada produto, garrafa t\u00e9rmica, suporte de caf\u00e9 .<\/p>\n<p class=\"zfr3Q CDt4Ke \" dir=\"ltr\"><span class=\"C9DxTc \">Cont\u00e9m:<\/span><\/p>\n<p class=\"zfr3Q CDt4Ke \" dir=\"ltr\"><span class=\"C9DxTc \">01 Garrafa T\u00e9rmica Floren\u00e7a 650ml<\/span><\/p>\n<p class=\"zfr3Q CDt4Ke \" dir=\"ltr\"><span class=\"C9DxTc \">01 Suporte para Filtro de Caf\u00e9 102\/103<\/span><\/p>\n<p class=\"zfr3Q CDt4Ke \" dir=\"ltr\"><span class=\"C9DxTc \">01 A\u00e7ucareiro 350 ml.<\/span><\/p>\n<p class=\"zfr3Q CDt4Ke \" dir=\"ltr\"><span class=\"C9DxTc \">Peso: 0.668 Kg<\/span><\/p>\n<p class=\"zfr3Q CDt4Ke \" dir=\"ltr\"><span class=\"C9DxTc \">Dimens\u00f5es da Caixa: 258 x 133 x 220 mm<\/span><\/p>\n","protected":false},"excerpt":{"rendered":"<div id=\"primary\" class=\"content-area\">\n<p>Desfrute o melhor do seu caf\u00e9 com o Kit Caf\u00e9 Pr\u00e1tico Unitermi! O nosso kit possui uma unidade de cada produto, garrafa t\u00e9rmica, suporte de caf\u00e9 .<\/p>\n<p class=\"zfr3Q CDt4Ke \" dir=\"ltr\"><span class=\"C9DxTc \">Cont\u00e9m:<\/span><\/p>\n<p class=\"zfr3Q CDt4Ke \" dir=\"ltr\"><span class=\"C9DxTc \">01 Garrafa T\u00e9rmica Floren\u00e7a 650ml<\/span><\/p>\n<p class=\"zfr3Q CDt4Ke \" dir=\"ltr\"><span class=\"C9DxTc \">01 Suporte para Filtro de Caf\u00e9 102\/103<\/span><\/p>\n<p class=\"zfr3Q CDt4Ke \" dir=\"ltr\"><span class=\"C9DxTc \">01 A\u00e7ucareiro 350 ml.<\/span><\/p>\n<p class=\"zfr3Q CDt4Ke \" dir=\"ltr\"><span class=\"C9DxTc \">Peso: 0.668 Kg<\/span><\/p>\n<p class=\"zfr3Q CDt4Ke \" dir=\"ltr\"><span class=\"C9DxTc \">Dimens\u00f5es da Caixa: 258 x 133 x 220 mm<\/span><\/p>\n<\/div>\n","protected":false},"featured_media":40,"comment_status":"open","ping_status":"closed","template":"","meta":{"_joinchat":[]},"product_cat":[15,21,25],"product_tag":[126,124,127,123,125],"class_list":["post-15","product","type-product","status-publish","has-post-thumbnail","hentry","product_cat-mais-vendidos","product_cat-cozinha","product_cat-utilidades","product_tag-bule","product_tag-cafe","product_tag-garrafa-termica","product_tag-kit","product_tag-kit-cafe"],"_links":{"self":[{"href":"https:\/\/bazardadebora.com.br\/index.php\/wp-json\/wp\/v2\/product\/15","targetHints":{"allow":["GET"]}}],"collection":[{"href":"https:\/\/bazardadebora.com.br\/index.php\/wp-json\/wp\/v2\/product"}],"about":[{"href":"https:\/\/bazardadebora.com.br\/index.php\/wp-json\/wp\/v2\/types\/product"}],"replies":[{"embeddable":true,"href":"https:\/\/bazardadebora.com.br\/index.php\/wp-json\/wp\/v2\/comments?post=15"}],"wp:featuredmedia":[{"embeddable":true,"href":"https:\/\/bazardadebora.com.br\/index.php\/wp-json\/wp\/v2\/media\/40"}],"wp:attachment":[{"href":"https:\/\/bazardadebora.com.br\/index.php\/wp-json\/wp\/v2\/media?parent=15"}],"wp:term":[{"taxonomy":"product_cat","embeddable":true,"href":"https:\/\/bazardadebora.com.br\/index.php\/wp-json\/wp\/v2\/product_cat?post=15"},{"taxonomy":"product_tag","embeddable":true,"href":"https:\/\/bazardadebora.com.br\/index.php\/wp-json\/wp\/v2\/product_tag?post=15"}],"curies":[{"name":"wp","href":"https:\/\/api.w.org\/{rel}","templated":true}]}}