{"id":16,"date":"2023-09-30T14:17:33","date_gmt":"2023-09-30T17:17:33","guid":{"rendered":"https:\/\/bazardadebora.lmvirtua.com.br\/?post_type=product&#038;p=16"},"modified":"2023-11-21T11:11:10","modified_gmt":"2023-11-21T14:11:10","slug":"copo-mixer-portatil-e-eletrico","status":"publish","type":"product","link":"https:\/\/bazardadebora.com.br\/index.php\/product\/copo-mixer-portatil-e-eletrico\/","title":{"rendered":"Copo Mixer Port\u00e1til e El\u00e9trico"},"content":{"rendered":"<p>Copo Mixer Port\u00e1til e El\u00e9trico, com 6 l\u00e2minas, pr\u00e1tico e de f\u00e1cil uso para o seu dia a dia!<\/p>\n<p>O copo mixer \u00e9 ideal para quem gosta de sucos naturais e vitaminas, e o melhor, ele \u00e9 port\u00e1til, assim voc\u00ea pode carreg\u00e1-lo nos seus compromissos cotidianos. Ele serve principalmente para misturar e liquidificar: \u00c9 \u00f3timo para fazer bebidas utlizando variadas frutas.<\/p>\n<p>Ele \u00e9 compacto e multiuso. Muito f\u00e1cil de usar e limpar, e para recarregar ele basta colocar seu conector em uma tomada, pois ele acompanha cabo usb.<\/p>\n<p>O copo mixer possui tamb\u00e9m uma \u00f3tima pot\u00eancia, prepara a bebida em segundos devido a suas l\u00e2minas em inox super afiadas.<br \/>Pr\u00e1tico: O copo \u00e9 f\u00e1cil de usar e permite que voc\u00ea prepare bebidas e alimentos rapidamente e facilmente.<br \/>Saud\u00e1vel: O copo permite que voc\u00ea misture uma variedade de ingredientes, incluindo frutas, legumes, prote\u00ednas e at\u00e9 gelo.<br \/>Port\u00e1til: O copo \u00e9 pequeno e leve, o que facilita o transporte.<br \/>F\u00e1cil de limpar: O copo pode ser lavado na m\u00e1quina de lavar lou\u00e7a.<\/p>\n<p>Caracter\u00edsticas:<br \/>-Capacidade: 380ml<br \/>-Medida: 22,5cm x 8cm<br \/>-Acompanha cabo usb.<br \/>-6 l\u00e2minas.<br \/>-Composi\u00e7\u00e3o: Pl\u00e1stico, silicone e a\u00e7o inoxid\u00e1vel.<\/p>\n","protected":false},"excerpt":{"rendered":"<p>O copo mixer \u00e9 ideal para quem gosta de sucos naturais e vitaminas, e o melhor, ele \u00e9 port\u00e1til, assim voc\u00ea pode carreg\u00e1-lo nos seus compromissos cotidianos. Ele serve principalmente para misturar e liquidificar: \u00c9 \u00f3timo para fazer bebidas utilizando variadas frutas.<\/p>\n<p>Caracter\u00edsticas:<br \/>-Capacidade: 380ml<br \/>-Medida: 22,5cm x 8cm<br \/>-Acompanha cabo usb.<br \/>-6 l\u00e2minas.<br \/>-Composi\u00e7\u00e3o: Pl\u00e1stico, silicone e a\u00e7o inoxid\u00e1vel.<\/p>\n","protected":false},"featured_media":403,"comment_status":"open","ping_status":"closed","template":"","meta":{"_joinchat":[]},"product_cat":[15,25],"product_tag":[142,140,139,141],"class_list":["post-16","product","type-product","status-publish","has-post-thumbnail","hentry","product_cat-mais-vendidos","product_cat-utilidades","product_tag-copo-mixer","product_tag-cozinha","product_tag-mixer","product_tag-utilidades"],"_links":{"self":[{"href":"https:\/\/bazardadebora.com.br\/index.php\/wp-json\/wp\/v2\/product\/16","targetHints":{"allow":["GET"]}}],"collection":[{"href":"https:\/\/bazardadebora.com.br\/index.php\/wp-json\/wp\/v2\/product"}],"about":[{"href":"https:\/\/bazardadebora.com.br\/index.php\/wp-json\/wp\/v2\/types\/product"}],"replies":[{"embeddable":true,"href":"https:\/\/bazardadebora.com.br\/index.php\/wp-json\/wp\/v2\/comments?post=16"}],"wp:featuredmedia":[{"embeddable":true,"href":"https:\/\/bazardadebora.com.br\/index.php\/wp-json\/wp\/v2\/media\/403"}],"wp:attachment":[{"href":"https:\/\/bazardadebora.com.br\/index.php\/wp-json\/wp\/v2\/media?parent=16"}],"wp:term":[{"taxonomy":"product_cat","embeddable":true,"href":"https:\/\/bazardadebora.com.br\/index.php\/wp-json\/wp\/v2\/product_cat?post=16"},{"taxonomy":"product_tag","embeddable":true,"href":"https:\/\/bazardadebora.com.br\/index.php\/wp-json\/wp\/v2\/product_tag?post=16"}],"curies":[{"name":"wp","href":"https:\/\/api.w.org\/{rel}","templated":true}]}}