{"id":416,"date":"2023-09-30T14:40:32","date_gmt":"2023-09-30T17:40:32","guid":{"rendered":"https:\/\/bazardadebora.lmvirtua.com.br\/?post_type=product&#038;p=416"},"modified":"2025-04-13T12:23:22","modified_gmt":"2025-04-13T15:23:22","slug":"mini-game-pop-it-eletronico","status":"publish","type":"product","link":"https:\/\/bazardadebora.com.br\/index.php\/product\/mini-game-pop-it-eletronico\/","title":{"rendered":"Mini Game Pop-It Eletr\u00f4nico"},"content":{"rendered":"<p class=\"ui-pdp-description__content\">Mini Game Pop-It Eletr\u00f4nico, chegou como novidade para virar febre, ideal para momento de relaxamneto de adultos e crian\u00e7as.<br \/>Com bot\u00f5es estilizados, o Pop-it Mini Gamer Anti Stress combina a emo\u00e7\u00e3o dos jogos com a terapia de al\u00edvio do estresse.<br \/>Tu poder\u00e1 desfrutar deste novo mini game que acaba de chegar no Brasil, poder\u00e1 tamb\u00e9m presentear algu\u00e9m com o mini game ou adquiri-lo para a crian\u00e7ada!<\/p>\n<p>Material: ABS de alta qualidade.<br \/>Tamanho: cerca de 12cm x 5,6cm x 9,6 cm Alimenta\u00e7\u00e3o: 3 pilhas AAA (n\u00e3o inclu\u00eddas).<\/p>\n<p>CONTE\u00daDO DO PACOTE:<br \/>1- Quick Push Fidget Toy (Mini Game)<br \/>3- Pilhas AA.<\/p>\n","protected":false},"excerpt":{"rendered":"<p>Mini Game Pop-It Eletr\u00f4nico, chegou como novidade para virar febre, ideal para momento de relaxamneto de adultos e crian\u00e7as.<br \/>Com bot\u00f5es estilizados, o Pop-it Mini Gamer Anti Stress combina a emo\u00e7\u00e3o dos jogos com a terapia de al\u00edvio do estresse.<br \/>Tu poder\u00e1 desfrutar deste novo mini game que acaba de chegar no Brasil, poder\u00e1 tamb\u00e9m presentear algu\u00e9m com o mini game ou adquiri-lo para a crian\u00e7ada!<\/p>\n<p>Material: ABS de alta qualidade.<br \/>Tamanho: cerca de 12cm x 5,6cm x 9,6 cm Alimenta\u00e7\u00e3o: 3 pilhas AAA (n\u00e3o inclu\u00eddas).<\/p>\n<p>CONTE\u00daDO DO PACOTE:<br \/>1- Quick Push Fidget Toy (Mini Game)<br \/>3- Pilhas AA.<\/p>\n","protected":false},"featured_media":427,"comment_status":"open","ping_status":"closed","template":"","meta":{"_joinchat":[]},"product_cat":[15,27],"product_tag":[145,143,144],"class_list":["post-416","product","type-product","status-publish","has-post-thumbnail","hentry","product_cat-mais-vendidos","product_cat-menino","product_tag-brinquedo","product_tag-pop-it","product_tag-pop-it-eletronico"],"_links":{"self":[{"href":"https:\/\/bazardadebora.com.br\/index.php\/wp-json\/wp\/v2\/product\/416","targetHints":{"allow":["GET"]}}],"collection":[{"href":"https:\/\/bazardadebora.com.br\/index.php\/wp-json\/wp\/v2\/product"}],"about":[{"href":"https:\/\/bazardadebora.com.br\/index.php\/wp-json\/wp\/v2\/types\/product"}],"replies":[{"embeddable":true,"href":"https:\/\/bazardadebora.com.br\/index.php\/wp-json\/wp\/v2\/comments?post=416"}],"wp:featuredmedia":[{"embeddable":true,"href":"https:\/\/bazardadebora.com.br\/index.php\/wp-json\/wp\/v2\/media\/427"}],"wp:attachment":[{"href":"https:\/\/bazardadebora.com.br\/index.php\/wp-json\/wp\/v2\/media?parent=416"}],"wp:term":[{"taxonomy":"product_cat","embeddable":true,"href":"https:\/\/bazardadebora.com.br\/index.php\/wp-json\/wp\/v2\/product_cat?post=416"},{"taxonomy":"product_tag","embeddable":true,"href":"https:\/\/bazardadebora.com.br\/index.php\/wp-json\/wp\/v2\/product_tag?post=416"}],"curies":[{"name":"wp","href":"https:\/\/api.w.org\/{rel}","templated":true}]}}