{"id":499,"date":"2023-10-02T14:11:11","date_gmt":"2023-10-02T17:11:11","guid":{"rendered":"https:\/\/bazardadebora.lmvirtua.com.br\/?post_type=product&#038;p=499"},"modified":"2024-11-10T09:03:18","modified_gmt":"2024-11-10T12:03:18","slug":"jogo-de-cafe-porcelana","status":"publish","type":"product","link":"https:\/\/bazardadebora.com.br\/index.php\/product\/jogo-de-cafe-porcelana\/","title":{"rendered":"Jogo de Caf\u00e9 Porcelana"},"content":{"rendered":"<div class=\"oKdM2c ZZyype Kzv0Me\">\n<div id=\"h.55ab001504a08658_266\" class=\"hJDwNd-AhqUyc-c5RTEf Ft7HRd-AhqUyc-c5RTEf purZT-AhqUyc-c5RTEf ZcASvf-AhqUyc-c5RTEf pSzOP-AhqUyc-c5RTEf Ktthjf-AhqUyc-c5RTEf jXK9ad D2fZ2 zu5uec OjCsFc dmUFtb\">\n<div class=\"jXK9ad-SmKAyb\">\n<div class=\"tyJCtd mGzaTb Depvyb baZpAe\">\n<div class=\"CjVfdc\"><span class=\"C9DxTc \">Jogo de caf\u00e9 de Porcelana<\/span><\/div>\n<\/div>\n<\/div>\n<\/div>\n<\/div>\n<div class=\"oKdM2c ZZyype\">\n<div id=\"h.55ab001504a08658_268\" class=\"hJDwNd-AhqUyc-c5RTEf Ft7HRd-AhqUyc-c5RTEf purZT-AhqUyc-c5RTEf ZcASvf-AhqUyc-c5RTEf pSzOP-AhqUyc-c5RTEf Ktthjf-AhqUyc-c5RTEf jXK9ad D2fZ2 zu5uec wHaque g5GTcb\">\n<div class=\"jXK9ad-SmKAyb\">\n<div class=\"tyJCtd mGzaTb Depvyb baZpAe\">\n<p class=\"zfr3Q CDt4Ke \" dir=\"ltr\"><span class=\"C9DxTc \">Com decora\u00e7\u00e3o em cores delicadas e chamando para uma boa mesa montada para um bom caf\u00e9 da manh\u00e3, Brunch, caf\u00e9 da tarde e aquele cafezinho para servir a quem importa para voc\u00ea. Para presentear quem voc\u00ea ama!!<\/span><\/p>\n<p class=\"zfr3Q CDt4Ke \" dir=\"ltr\"><span class=\"C9DxTc \">*06 X\u00edcaras de Caf\u00e9 &#8211; Capacidade: 90 ml.<\/span><\/p>\n<p class=\"zfr3Q CDt4Ke \" dir=\"ltr\"><span class=\"C9DxTc \">* 06 Pires de Caf\u00e9<\/span><\/p>\n<p class=\"zfr3Q CDt4Ke \" dir=\"ltr\"><span class=\"C9DxTc \">* 01 Bule de Caf\u00e9 &#8211; Capacidade: 600 ml<\/span><\/p>\n<p class=\"zfr3Q CDt4Ke \" dir=\"ltr\"><span class=\"C9DxTc \">* 01 Suporte para as X\u00edcaras, Pires e Bule.<\/span><\/p>\n<\/div>\n<\/div>\n<\/div>\n<\/div>\n","protected":false},"excerpt":{"rendered":"<div class=\"oKdM2c ZZyype Kzv0Me\">\n<div id=\"h.55ab001504a08658_266\" class=\"hJDwNd-AhqUyc-c5RTEf Ft7HRd-AhqUyc-c5RTEf purZT-AhqUyc-c5RTEf ZcASvf-AhqUyc-c5RTEf pSzOP-AhqUyc-c5RTEf Ktthjf-AhqUyc-c5RTEf jXK9ad D2fZ2 zu5uec OjCsFc dmUFtb\">\n<div class=\"jXK9ad-SmKAyb\">\n<div class=\"tyJCtd mGzaTb Depvyb baZpAe\">\n<div class=\"CjVfdc\"><span class=\"C9DxTc \">Jogo de caf\u00e9 de Porcelana<\/span><\/div>\n<\/div>\n<\/div>\n<\/div>\n<\/div>\n<div class=\"oKdM2c ZZyype\">\n<div id=\"h.55ab001504a08658_268\" class=\"hJDwNd-AhqUyc-c5RTEf Ft7HRd-AhqUyc-c5RTEf purZT-AhqUyc-c5RTEf ZcASvf-AhqUyc-c5RTEf pSzOP-AhqUyc-c5RTEf Ktthjf-AhqUyc-c5RTEf jXK9ad D2fZ2 zu5uec wHaque g5GTcb\">\n<div class=\"jXK9ad-SmKAyb\">\n<div class=\"tyJCtd mGzaTb Depvyb baZpAe\">\n<p class=\"zfr3Q CDt4Ke \" dir=\"ltr\"><span class=\"C9DxTc \">Com decora\u00e7\u00e3o em cores delicadas e chamando para uma boa mesa montada para um bom caf\u00e9 da manh\u00e3, Brunch, caf\u00e9 da tarde e aquele cafezinho para servir a quem importa para voc\u00ea. Para presentear quem voc\u00ea ama!!<\/span><\/p>\n<p class=\"zfr3Q CDt4Ke \" dir=\"ltr\"><span class=\"C9DxTc \">*06 X\u00edcaras de Caf\u00e9 &#8211; Capacidade: 90 ml.<\/span><\/p>\n<p class=\"zfr3Q CDt4Ke \" dir=\"ltr\"><span class=\"C9DxTc \">* 06 Pires de Caf\u00e9<\/span><\/p>\n<p class=\"zfr3Q CDt4Ke \" dir=\"ltr\"><span class=\"C9DxTc \">* 01 Bule de Caf\u00e9 &#8211; Capacidade: 600 ml<\/span><\/p>\n<p class=\"zfr3Q CDt4Ke \" dir=\"ltr\"><span class=\"C9DxTc \">* 01 Suporte para as X\u00edcaras, Pires e Bule.<\/span><\/p>\n<\/div>\n<\/div>\n<\/div>\n<\/div>\n","protected":false},"featured_media":506,"comment_status":"open","ping_status":"closed","template":"","meta":{"_joinchat":[]},"product_cat":[147,17,148],"product_tag":[],"class_list":["post-499","product","type-product","status-publish","has-post-thumbnail","hentry","product_cat-decoracao","product_cat-para-as-maes","product_cat-presentes"],"_links":{"self":[{"href":"https:\/\/bazardadebora.com.br\/index.php\/wp-json\/wp\/v2\/product\/499","targetHints":{"allow":["GET"]}}],"collection":[{"href":"https:\/\/bazardadebora.com.br\/index.php\/wp-json\/wp\/v2\/product"}],"about":[{"href":"https:\/\/bazardadebora.com.br\/index.php\/wp-json\/wp\/v2\/types\/product"}],"replies":[{"embeddable":true,"href":"https:\/\/bazardadebora.com.br\/index.php\/wp-json\/wp\/v2\/comments?post=499"}],"wp:featuredmedia":[{"embeddable":true,"href":"https:\/\/bazardadebora.com.br\/index.php\/wp-json\/wp\/v2\/media\/506"}],"wp:attachment":[{"href":"https:\/\/bazardadebora.com.br\/index.php\/wp-json\/wp\/v2\/media?parent=499"}],"wp:term":[{"taxonomy":"product_cat","embeddable":true,"href":"https:\/\/bazardadebora.com.br\/index.php\/wp-json\/wp\/v2\/product_cat?post=499"},{"taxonomy":"product_tag","embeddable":true,"href":"https:\/\/bazardadebora.com.br\/index.php\/wp-json\/wp\/v2\/product_tag?post=499"}],"curies":[{"name":"wp","href":"https:\/\/api.w.org\/{rel}","templated":true}]}}