{"id":514,"date":"2023-10-02T14:33:24","date_gmt":"2023-10-02T17:33:24","guid":{"rendered":"https:\/\/bazardadebora.lmvirtua.com.br\/?post_type=product&#038;p=514"},"modified":"2025-04-11T20:48:43","modified_gmt":"2025-04-11T23:48:43","slug":"cavalinho-upa-upa-musical","status":"publish","type":"product","link":"https:\/\/bazardadebora.com.br\/index.php\/product\/cavalinho-upa-upa-musical\/","title":{"rendered":"Cavalinho Upa Upa musical"},"content":{"rendered":"<p>Brinquedo divertido para crian\u00e7as incentiva o desenvolvimento da concentra\u00e7\u00e3o, agilidade e imagina\u00e7\u00e3o.<\/p>\n<p>Descri\u00e7\u00e3o<\/p>\n<p>Tamanho Altura 48cm x Comprimento 50cm x Largura 22cm<\/p>\n<p>Indica\u00e7\u00e3o: Crian\u00e7as acima de 7 meses<\/p>\n<p>Infl\u00e1vel (\u00e9 enviado vazio)<\/p>\n<p>Material: Borracha<\/p>\n<p>Sonoro<\/p>\n<p>Luz<\/p>\n","protected":false},"excerpt":{"rendered":"<p>Brinquedo divertido para crian\u00e7as incentiva o desenvolvimento da concentra\u00e7\u00e3o, agilidade e imagina\u00e7\u00e3o.<\/p>\n<p>Descri\u00e7\u00e3o<\/p>\n<p>Tamanho Altura 48cm x Comprimento 50cm x Largura 22cm<\/p>\n<p>Indica\u00e7\u00e3o: Crian\u00e7as acima de 7 meses<\/p>\n<p>Infl\u00e1vel (\u00e9 enviado vazio)<\/p>\n<p>Material: Borracha<\/p>\n<p>Sonoro<\/p>\n<p>Luz<\/p>\n","protected":false},"featured_media":517,"comment_status":"open","ping_status":"closed","template":"","meta":{"_joinchat":[]},"product_cat":[24,151,27],"product_tag":[149,150],"class_list":["post-514","product","type-product","status-publish","has-post-thumbnail","hentry","product_cat-infantil","product_cat-menina","product_cat-menino","product_tag-cavalinho","product_tag-cavalo-de-brinquedo"],"_links":{"self":[{"href":"https:\/\/bazardadebora.com.br\/index.php\/wp-json\/wp\/v2\/product\/514","targetHints":{"allow":["GET"]}}],"collection":[{"href":"https:\/\/bazardadebora.com.br\/index.php\/wp-json\/wp\/v2\/product"}],"about":[{"href":"https:\/\/bazardadebora.com.br\/index.php\/wp-json\/wp\/v2\/types\/product"}],"replies":[{"embeddable":true,"href":"https:\/\/bazardadebora.com.br\/index.php\/wp-json\/wp\/v2\/comments?post=514"}],"wp:featuredmedia":[{"embeddable":true,"href":"https:\/\/bazardadebora.com.br\/index.php\/wp-json\/wp\/v2\/media\/517"}],"wp:attachment":[{"href":"https:\/\/bazardadebora.com.br\/index.php\/wp-json\/wp\/v2\/media?parent=514"}],"wp:term":[{"taxonomy":"product_cat","embeddable":true,"href":"https:\/\/bazardadebora.com.br\/index.php\/wp-json\/wp\/v2\/product_cat?post=514"},{"taxonomy":"product_tag","embeddable":true,"href":"https:\/\/bazardadebora.com.br\/index.php\/wp-json\/wp\/v2\/product_tag?post=514"}],"curies":[{"name":"wp","href":"https:\/\/api.w.org\/{rel}","templated":true}]}}