{"id":544,"date":"2023-10-04T16:02:51","date_gmt":"2023-10-04T19:02:51","guid":{"rendered":"https:\/\/bazardadebora.lmvirtua.com.br\/index.php\/product\/boneca-unicornio\/"},"modified":"2023-11-21T11:16:43","modified_gmt":"2023-11-21T14:16:43","slug":"boneca-unicornio","status":"publish","type":"product","link":"https:\/\/bazardadebora.com.br\/index.php\/product\/boneca-unicornio\/","title":{"rendered":"Boneca Unic\u00f3rnio"},"content":{"rendered":"<p><span data-testid=\"product-detail-title\" class=\"sc-kpDqfm qhIEo\" style=\"margin: 16px 0px;padding: 0px;font-size: medium;font-weight: bold;line-height: 1.25;font-family: Roboto, sans-serif\" data-mce-style=\"margin: 16px 0px; padding: 0px; font-size: medium; font-weight: bold; line-height: 1.25; font-family: Roboto, sans-serif;\">Boneca Baby Unic\u00f3rnio My Little\u00a0<\/span><\/p>\n<div data-testid=\"product-detail-description\" class=\"sc-fqkvVR heuZyN sc-dnvZjJ dtJjfe\" style=\"font-size: medium;margin: 0px;padding: 0px;cursor: inherit;line-height: 1.6;text-align: justify;font-family: Roboto, sans-serif\" data-mce-style=\"font-size: medium; margin: 0px; padding: 0px; cursor: inherit; line-height: 1.6; text-align: justify; font-family: Roboto, sans-serif;\">\n<div data-testid=\"rich-content-container\" class=\"sc-fqkvVR hlqElk sc-jcdlHQ cxsdMT\" style=\"margin: 0px;padding: 0px;cursor: inherit\" data-mce-style=\"margin: 0px; padding: 0px; cursor: inherit;\">A Boneca My Little Collection Unic\u00f3rnio\u00a0 \u00e9 uma belezinha! Acompanha um lindo pijaminha de Unic\u00f3rnio e diversos acess\u00f3rios para a crian\u00e7a cuidar de sua My Little!<br style=\"margin: 0px;padding: 0px\" data-mce-style=\"margin: 0px; padding: 0px;\"><\/div>\n<\/div>\n","protected":false},"excerpt":{"rendered":"<p><span data-testid=\"product-detail-title\" class=\"sc-kpDqfm qhIEo\" style=\"margin: 16px 0px;padding: 0px;font-size: medium;font-weight: bold;line-height: 1.25;font-family: Roboto, sans-serif\" data-mce-style=\"margin: 16px 0px; padding: 0px; font-size: medium; font-weight: bold; line-height: 1.25; font-family: Roboto, sans-serif;\">Boneca Baby Unic\u00f3rnio My Little\u00a0<\/span><\/p>\n<div data-testid=\"product-detail-description\" class=\"sc-fqkvVR heuZyN sc-dnvZjJ dtJjfe\" style=\"margin: 0px;padding: 0px;cursor: inherit;font-size: medium;line-height: 1.6;text-align: justify;font-family: Roboto, sans-serif\" data-mce-style=\"margin: 0px; padding: 0px; cursor: inherit; font-size: medium; line-height: 1.6; text-align: justify; font-family: Roboto, sans-serif;\">\n<div data-testid=\"rich-content-container\" class=\"sc-fqkvVR hlqElk sc-jcdlHQ cxsdMT\" style=\"margin: 0px;padding: 0px;cursor: inherit\" data-mce-style=\"margin: 0px; padding: 0px; cursor: inherit;\">A Boneca My Little Collection Unic\u00f3rnio \u00e9 uma belezinha! Acompanha um lindo pijaminha de Unic\u00f3rnio e diversos acess\u00f3rios para a crian\u00e7a cuidar de sua My Little!<br style=\"margin: 0px;padding: 0px\" data-mce-style=\"margin: 0px; padding: 0px;\"><br style=\"margin: 0px;padding: 0px\" data-mce-style=\"margin: 0px; padding: 0px;\">Na hora de dormir ela toma o suquinho e faz xixi em sua fraldinha, depois \u00e9 s\u00f3 troca-la e escovar seus dentinhos para brincar novamente, as meninas v\u00e3o adorar!<br style=\"margin: 0px;padding: 0px\" data-mce-style=\"margin: 0px; padding: 0px;\"><br style=\"margin: 0px;padding: 0px\" data-mce-style=\"margin: 0px; padding: 0px;\">Ela \u00e9 super fofa, gostosa de abra\u00e7ar e apertar, e comp\u00f5e um delicioso cheirinho de beb\u00ea perfumada.<br style=\"margin: 0px;padding: 0px\" data-mce-style=\"margin: 0px; padding: 0px;\"><br style=\"margin: 0px;padding: 0px\" data-mce-style=\"margin: 0px; padding: 0px;\">Estimula a intera\u00e7\u00e3o entre pais e filhos, coordena\u00e7\u00e3o motora, criatividade e imagina\u00e7\u00e3o da crian\u00e7a. =)<br style=\"margin: 0px;padding: 0px\" data-mce-style=\"margin: 0px; padding: 0px;\"><br style=\"margin: 0px;padding: 0px\" data-mce-style=\"margin: 0px; padding: 0px;\"><br style=\"margin: 0px;padding: 0px\" data-mce-style=\"margin: 0px; padding: 0px;\">ESPECIFICA\u00c7\u00d5ES:<br style=\"margin: 0px;padding: 0px\" data-mce-style=\"margin: 0px; padding: 0px;\"><br style=\"margin: 0px;padding: 0px\" data-mce-style=\"margin: 0px; padding: 0px;\">&#8211; Recomendado para crian\u00e7as \u00e0 partir de 03 anos<br style=\"margin: 0px;padding: 0px\" data-mce-style=\"margin: 0px; padding: 0px;\">&#8211; Dimens\u00f5es da embalagem (CLA): 22,9 x 9,9 x 41 cm<br style=\"margin: 0px;padding: 0px\" data-mce-style=\"margin: 0px; padding: 0px;\">&#8211; Conte\u00fado da embalagem: 01 Boneca, 01 escova de dente, 01 pasta de dente, 01 fralda, 01 mamadeira<br style=\"margin: 0px;padding: 0px\" data-mce-style=\"margin: 0px; padding: 0px;\">&#8211; Altura da Boneca: 32 cm<br style=\"margin: 0px;padding: 0px\" data-mce-style=\"margin: 0px; padding: 0px;\">&#8211; Material: Vinil<br style=\"margin: 0px;padding: 0px\" data-mce-style=\"margin: 0px; padding: 0px;\">&#8211; Marca: My little<br style=\"margin: 0px;padding: 0px\" data-mce-style=\"margin: 0px; padding: 0px;\">&#8211; Refer\u00eancia: 8034<br style=\"margin: 0px;padding: 0px\" data-mce-style=\"margin: 0px; padding: 0px;\">&#8211; Certificado de Seguran\u00e7a: INMETRO<\/div>\n<\/div>\n","protected":false},"featured_media":543,"comment_status":"open","ping_status":"closed","template":"","meta":{"_joinchat":[]},"product_cat":[24,151],"product_tag":[180,182,183,181],"class_list":["post-544","product","type-product","status-publish","has-post-thumbnail","hentry","product_cat-infantil","product_cat-menina","product_tag-boneca","product_tag-crianca","product_tag-infantil","product_tag-menina"],"_links":{"self":[{"href":"https:\/\/bazardadebora.com.br\/index.php\/wp-json\/wp\/v2\/product\/544","targetHints":{"allow":["GET"]}}],"collection":[{"href":"https:\/\/bazardadebora.com.br\/index.php\/wp-json\/wp\/v2\/product"}],"about":[{"href":"https:\/\/bazardadebora.com.br\/index.php\/wp-json\/wp\/v2\/types\/product"}],"replies":[{"embeddable":true,"href":"https:\/\/bazardadebora.com.br\/index.php\/wp-json\/wp\/v2\/comments?post=544"}],"wp:featuredmedia":[{"embeddable":true,"href":"https:\/\/bazardadebora.com.br\/index.php\/wp-json\/wp\/v2\/media\/543"}],"wp:attachment":[{"href":"https:\/\/bazardadebora.com.br\/index.php\/wp-json\/wp\/v2\/media?parent=544"}],"wp:term":[{"taxonomy":"product_cat","embeddable":true,"href":"https:\/\/bazardadebora.com.br\/index.php\/wp-json\/wp\/v2\/product_cat?post=544"},{"taxonomy":"product_tag","embeddable":true,"href":"https:\/\/bazardadebora.com.br\/index.php\/wp-json\/wp\/v2\/product_tag?post=544"}],"curies":[{"name":"wp","href":"https:\/\/api.w.org\/{rel}","templated":true}]}}